{"id":476,"date":"2022-04-04T18:53:50","date_gmt":"2022-04-04T18:53:50","guid":{"rendered":"https:\/\/siniestrox.com\/?page_id=476"},"modified":"2022-04-07T16:37:44","modified_gmt":"2022-04-07T16:37:44","slug":"proteccion-de-datos","status":"publish","type":"page","link":"https:\/\/siniestrox.com\/index.php\/proteccion-de-datos\/","title":{"rendered":"Protecci\u00f3n de Datos"},"content":{"rendered":"\t\t<div data-elementor-type=\"wp-page\" data-elementor-id=\"476\" class=\"elementor elementor-476\">\n\t\t\t\t\t\t\t\t\t<section class=\"elementor-section elementor-top-section elementor-element elementor-element-13b5326b elementor-section-boxed elementor-section-height-default elementor-section-height-default elementor-invisible\" data-id=\"13b5326b\" data-element_type=\"section\" data-settings=\"{&quot;background_background&quot;:&quot;classic&quot;,&quot;animation&quot;:&quot;fadeIn&quot;}\">\n\t\t\t\t\t\t<div class=\"elementor-container elementor-column-gap-default\">\n\t\t\t\t\t<div class=\"elementor-column elementor-col-100 elementor-top-column elementor-element elementor-element-b948fd4\" data-id=\"b948fd4\" data-element_type=\"column\">\n\t\t\t<div class=\"elementor-widget-wrap elementor-element-populated\">\n\t\t\t\t\t\t\t\t<div class=\"elementor-element elementor-element-e0cd644 elementor-widget elementor-widget-spacer\" data-id=\"e0cd644\" data-element_type=\"widget\" data-widget_type=\"spacer.default\">\n\t\t\t\t<div class=\"elementor-widget-container\">\n\t\t\t<style>\/*! elementor - v3.12.1 - 02-04-2023 *\/\n.elementor-column .elementor-spacer-inner{height:var(--spacer-size)}.e-con{--container-widget-width:100%}.e-con-inner>.elementor-widget-spacer,.e-con>.elementor-widget-spacer{width:var(--container-widget-width,var(--spacer-size));--align-self:var(--container-widget-align-self,initial);--flex-shrink:0}.e-con-inner>.elementor-widget-spacer>.elementor-widget-container,.e-con-inner>.elementor-widget-spacer>.elementor-widget-container>.elementor-spacer,.e-con>.elementor-widget-spacer>.elementor-widget-container,.e-con>.elementor-widget-spacer>.elementor-widget-container>.elementor-spacer{height:100%}.e-con-inner>.elementor-widget-spacer>.elementor-widget-container>.elementor-spacer>.elementor-spacer-inner,.e-con>.elementor-widget-spacer>.elementor-widget-container>.elementor-spacer>.elementor-spacer-inner{height:var(--container-widget-height,var(--spacer-size))}<\/style>\t\t<div class=\"elementor-spacer\">\n\t\t\t<div class=\"elementor-spacer-inner\"><\/div>\n\t\t<\/div>\n\t\t\t\t<\/div>\n\t\t\t\t<\/div>\n\t\t\t\t<div class=\"elementor-element elementor-element-bd23775 elementor-view-default elementor-widget elementor-widget-icon\" data-id=\"bd23775\" data-element_type=\"widget\" data-widget_type=\"icon.default\">\n\t\t\t\t<div class=\"elementor-widget-container\">\n\t\t\t\t\t<div class=\"elementor-icon-wrapper\">\n\t\t\t<a class=\"elementor-icon\" href=\"https:\/\/siniestrox.com\/\">\n\t\t\t<i aria-hidden=\"true\" class=\"fas fa-arrow-left\"><\/i>\t\t\t<\/a>\n\t\t<\/div>\n\t\t\t\t<\/div>\n\t\t\t\t<\/div>\n\t\t\t\t<div class=\"elementor-element elementor-element-47b151f5 elementor-widget elementor-widget-heading\" data-id=\"47b151f5\" data-element_type=\"widget\" id=\"tr\" data-widget_type=\"heading.default\">\n\t\t\t\t<div class=\"elementor-widget-container\">\n\t\t\t<style>\/*! elementor - v3.12.1 - 02-04-2023 *\/\n.elementor-heading-title{padding:0;margin:0;line-height:1}.elementor-widget-heading .elementor-heading-title[class*=elementor-size-]>a{color:inherit;font-size:inherit;line-height:inherit}.elementor-widget-heading .elementor-heading-title.elementor-size-small{font-size:15px}.elementor-widget-heading .elementor-heading-title.elementor-size-medium{font-size:19px}.elementor-widget-heading .elementor-heading-title.elementor-size-large{font-size:29px}.elementor-widget-heading .elementor-heading-title.elementor-size-xl{font-size:39px}.elementor-widget-heading .elementor-heading-title.elementor-size-xxl{font-size:59px}<\/style><h2 class=\"elementor-heading-title elementor-size-default\">Protecci\u00f3n de datos<\/h2>\t\t<\/div>\n\t\t\t\t<\/div>\n\t\t\t\t<div class=\"elementor-element elementor-element-9e086d1 elementor-widget elementor-widget-text-editor\" data-id=\"9e086d1\" data-element_type=\"widget\" data-widget_type=\"text-editor.default\">\n\t\t\t\t<div class=\"elementor-widget-container\">\n\t\t\t<style>\/*! elementor - v3.12.1 - 02-04-2023 *\/\n.elementor-widget-text-editor.elementor-drop-cap-view-stacked .elementor-drop-cap{background-color:#69727d;color:#fff}.elementor-widget-text-editor.elementor-drop-cap-view-framed .elementor-drop-cap{color:#69727d;border:3px solid;background-color:transparent}.elementor-widget-text-editor:not(.elementor-drop-cap-view-default) .elementor-drop-cap{margin-top:8px}.elementor-widget-text-editor:not(.elementor-drop-cap-view-default) .elementor-drop-cap-letter{width:1em;height:1em}.elementor-widget-text-editor .elementor-drop-cap{float:left;text-align:center;line-height:1;font-size:50px}.elementor-widget-text-editor .elementor-drop-cap-letter{display:inline-block}<\/style>\t\t\t\t<p>Protecci\u00f3n de datos de car\u00e1cter personal seg\u00fan la LOPD.<\/p><p><br \/>WWW.SINIESTROX.COM en aplicaci\u00f3n de la normativa vigente en materia de<br \/>protecci\u00f3n de datos de car\u00e1cter personal, informa que los datos personales que se recogen<br \/>a trav\u00e9s de los formularios del Sitio web: WWW.SINIESTROX.COM se incluyen en los<br \/>ficheros automatizados espec\u00edficos de usuarios de los servicios.<br \/>La recogida y tratamiento automatizado de los datos de car\u00e1cter personal tiene como<br \/>finalidad el mantenimiento de la relaci\u00f3n comercial y el desempe\u00f1o de tareas de<br \/>informaci\u00f3n, formaci\u00f3n, asesoramiento y otras actividades propias del sitio web<br \/>WWW.SINIEXTROX.COM<\/p><p><br \/>Estos datos \u00fanicamente ser\u00e1n cedidos a aquellas entidades que sean necesarias con el<br \/>\u00fanico objetivo de dar<br \/>cumplimiento a la finalidad anteriormente expuesta.<br \/>WWW.SINIESTROX.COM adopta las medidas necesarias para garantizar la seguridad,<br \/>integridad y confidencialidad de los datos conforme a lo dispuesto en el Reglamento (UE)<br \/>2016\/679 del Parlamento Europeo y del Consejo, de 27 de abril de 2016, relativo a la<br \/>protecci\u00f3n de las personas f\u00edsicas en lo que respecta al tratamiento de datos personales y a<br \/>la libre circulaci\u00f3n de los mismos.<br \/>El usuario podr\u00e1 en cualquier momento ejercitar los derechos de acceso, oposici\u00f3n,<br \/>rectificaci\u00f3n y cancelaci\u00f3n\u00a0<span style=\"font-size: var(--global--font-size-base); font-family: var(--global--font-secondary);\">reconocidos en el citado Reglamento (UE). El ejercicio de estos derechos puede realizarlo<\/span><\/p><p>el propio usuario a trav\u00e9s de email a: GESTI\u00d3N@SINIESTROX.COM o en la direcci\u00f3n:<br \/>CAMINO DEL CASERIO 2, TORRECABALLEROS SEGOVIA 40160<\/p><p><br \/>El usuario manifiesta que todos los datos facilitados por \u00e9l son ciertos y correctos, y se<br \/>compromete a mantenerlos<br \/>actualizados, comunicando los cambios a GESTI\u00d3N@SINIESTROX.COM<br \/>Finalidad del tratamiento de los datos personales:<\/p><p><br \/>\u00bfCon qu\u00e9 finalidad trataremos tus datos personales?<br \/>D.Adri\u00e1n Pinillos L\u00f3pez 47228078Q como representante legal de<br \/>WWW.SINIESTROX.COM , trataremos tus datos personales recabados a trav\u00e9s del Sitio<br \/>WWW.SINIESTROX.COM con las siguientes finalidades:<br \/>1. En caso de contrataci\u00f3n de los bienes y servicios ofertados a trav\u00e9s de WWW.SINIESTTROX.COM, y para mantener la relaci\u00f3n contractual, as\u00ed como la gesti\u00f3n, administraci\u00f3n, informaci\u00f3n,<br \/>prestaci\u00f3n y mejora del servicio.<\/p><p><br \/>2. Env\u00edo de informaci\u00f3n solicitada a trav\u00e9s de los formularios dispuestos en<br \/>WWW.SINIESTROX.COM<\/p><p><br \/>3. Remitir boletines (newsletters), as\u00ed como comunicaciones comerciales de promociones<br \/>y\/o publicidad de WWW.SINIESTROX.COM y del sector.<\/p><p><br \/>Te recordamos que puedes oponerte al env\u00edo de comunicaciones comerciales por cualquier<br \/>v\u00eda y en cualquier momento, remitiendo un correo electr\u00f3nico a la direcci\u00f3n indicada<br \/>anteriormente.<br \/>Los campos de dichos registros son de cumplimentaci\u00f3n obligatoria, siendo imposible<br \/>realizar las finalidades expresadas si no se aportan esos datos.<br \/>\u00bfPor cu\u00e1nto tiempo se conservan los datos personales recabados?<br \/>Los datos personales proporcionados se conservar\u00e1n<\/p>\t\t\t\t\t\t<\/div>\n\t\t\t\t<\/div>\n\t\t\t\t<div class=\"elementor-element elementor-element-2f0c8ee elementor-widget elementor-widget-spacer\" data-id=\"2f0c8ee\" data-element_type=\"widget\" data-widget_type=\"spacer.default\">\n\t\t\t\t<div class=\"elementor-widget-container\">\n\t\t\t\t\t<div class=\"elementor-spacer\">\n\t\t\t<div class=\"elementor-spacer-inner\"><\/div>\n\t\t<\/div>\n\t\t\t\t<\/div>\n\t\t\t\t<\/div>\n\t\t\t\t\t<\/div>\n\t\t<\/div>\n\t\t\t\t\t\t\t<\/div>\n\t\t<\/section>\n\t\t\t\t<section class=\"elementor-section elementor-top-section elementor-element elementor-element-6a98d1d4 elementor-section-boxed elementor-section-height-default elementor-section-height-default\" data-id=\"6a98d1d4\" data-element_type=\"section\" data-settings=\"{&quot;background_background&quot;:&quot;classic&quot;}\">\n\t\t\t\t\t\t<div class=\"elementor-container elementor-column-gap-default\">\n\t\t\t\t\t<div class=\"elementor-column elementor-col-100 elementor-top-column elementor-element elementor-element-21872f32\" data-id=\"21872f32\" data-element_type=\"column\">\n\t\t\t<div class=\"elementor-widget-wrap elementor-element-populated\">\n\t\t\t\t\t\t\t\t<div class=\"elementor-element elementor-element-1e8beb34 elementor-widget elementor-widget-heading\" data-id=\"1e8beb34\" data-element_type=\"widget\" data-widget_type=\"heading.default\">\n\t\t\t\t<div class=\"elementor-widget-container\">\n\t\t\t<h2 class=\"elementor-heading-title elementor-size-default\">cont\u00e1ctanos<\/h2>\t\t<\/div>\n\t\t\t\t<\/div>\n\t\t\t\t<section class=\"elementor-section elementor-inner-section elementor-element elementor-element-540960c1 elementor-section-boxed elementor-section-height-default elementor-section-height-default\" data-id=\"540960c1\" data-element_type=\"section\">\n\t\t\t\t\t\t<div class=\"elementor-container elementor-column-gap-default\">\n\t\t\t\t\t<div class=\"elementor-column elementor-col-33 elementor-inner-column elementor-element elementor-element-199fa932\" data-id=\"199fa932\" data-element_type=\"column\">\n\t\t\t<div class=\"elementor-widget-wrap elementor-element-populated\">\n\t\t\t\t\t\t\t\t<div class=\"elementor-element elementor-element-32977d96 elementor-widget__width-initial elementor-view-stacked elementor-shape-square elementor-widget elementor-widget-icon\" data-id=\"32977d96\" data-element_type=\"widget\" data-widget_type=\"icon.default\">\n\t\t\t\t<div class=\"elementor-widget-container\">\n\t\t\t\t\t<div class=\"elementor-icon-wrapper\">\n\t\t\t<div class=\"elementor-icon\">\n\t\t\t<i aria-hidden=\"true\" class=\"fas fa-phone\"><\/i>\t\t\t<\/div>\n\t\t<\/div>\n\t\t\t\t<\/div>\n\t\t\t\t<\/div>\n\t\t\t\t\t<\/div>\n\t\t<\/div>\n\t\t\t\t<div class=\"elementor-column elementor-col-33 elementor-inner-column elementor-element elementor-element-597ee753\" data-id=\"597ee753\" data-element_type=\"column\">\n\t\t\t<div class=\"elementor-widget-wrap elementor-element-populated\">\n\t\t\t\t\t\t\t\t<div class=\"elementor-element elementor-element-38199ee0 elementor-widget__width-initial elementor-view-stacked elementor-shape-square elementor-widget elementor-widget-icon\" data-id=\"38199ee0\" data-element_type=\"widget\" data-widget_type=\"icon.default\">\n\t\t\t\t<div class=\"elementor-widget-container\">\n\t\t\t\t\t<div class=\"elementor-icon-wrapper\">\n\t\t\t<a class=\"elementor-icon\" href=\"https:\/\/wa.link\/i8hgps\">\n\t\t\t<i aria-hidden=\"true\" class=\"fab fa-whatsapp\"><\/i>\t\t\t<\/a>\n\t\t<\/div>\n\t\t\t\t<\/div>\n\t\t\t\t<\/div>\n\t\t\t\t\t<\/div>\n\t\t<\/div>\n\t\t\t\t<div class=\"elementor-column elementor-col-33 elementor-inner-column elementor-element elementor-element-174391e6\" data-id=\"174391e6\" data-element_type=\"column\">\n\t\t\t<div class=\"elementor-widget-wrap elementor-element-populated\">\n\t\t\t\t\t\t\t\t<div class=\"elementor-element elementor-element-558f448e elementor-widget__width-initial elementor-view-stacked elementor-shape-square elementor-widget elementor-widget-icon\" data-id=\"558f448e\" data-element_type=\"widget\" data-widget_type=\"icon.default\">\n\t\t\t\t<div class=\"elementor-widget-container\">\n\t\t\t\t\t<div class=\"elementor-icon-wrapper\">\n\t\t\t<div class=\"elementor-icon\">\n\t\t\t<i aria-hidden=\"true\" class=\"fas fa-mail-bulk\"><\/i>\t\t\t<\/div>\n\t\t<\/div>\n\t\t\t\t<\/div>\n\t\t\t\t<\/div>\n\t\t\t\t\t<\/div>\n\t\t<\/div>\n\t\t\t\t\t\t\t<\/div>\n\t\t<\/section>\n\t\t\t\t\t<\/div>\n\t\t<\/div>\n\t\t\t\t\t\t\t<\/div>\n\t\t<\/section>\n\t\t\t\t\t\t\t<\/div>\n\t\t","protected":false},"excerpt":{"rendered":"<p>Protecci\u00f3n de datos Protecci\u00f3n de datos de car\u00e1cter personal seg\u00fan la LOPD. WWW.SINIESTROX.COM en aplicaci\u00f3n de la normativa vigente en materia deprotecci\u00f3n de datos de car\u00e1cter personal, informa que los datos personales que se recogena trav\u00e9s de los formularios del Sitio web: WWW.SINIESTROX.COM se incluyen en losficheros automatizados espec\u00edficos de usuarios de los servicios.La recogida&hellip; <a class=\"more-link\" href=\"https:\/\/siniestrox.com\/index.php\/proteccion-de-datos\/\">Continue reading <span class=\"screen-reader-text\">Protecci\u00f3n de Datos<\/span><\/a><\/p>\n","protected":false},"author":1,"featured_media":0,"parent":0,"menu_order":0,"comment_status":"closed","ping_status":"closed","template":"elementor_canvas","meta":{"om_disable_all_campaigns":false,"_mi_skip_tracking":false},"aioseo_notices":[],"_links":{"self":[{"href":"https:\/\/siniestrox.com\/index.php\/wp-json\/wp\/v2\/pages\/476"}],"collection":[{"href":"https:\/\/siniestrox.com\/index.php\/wp-json\/wp\/v2\/pages"}],"about":[{"href":"https:\/\/siniestrox.com\/index.php\/wp-json\/wp\/v2\/types\/page"}],"author":[{"embeddable":true,"href":"https:\/\/siniestrox.com\/index.php\/wp-json\/wp\/v2\/users\/1"}],"replies":[{"embeddable":true,"href":"https:\/\/siniestrox.com\/index.php\/wp-json\/wp\/v2\/comments?post=476"}],"version-history":[{"count":22,"href":"https:\/\/siniestrox.com\/index.php\/wp-json\/wp\/v2\/pages\/476\/revisions"}],"predecessor-version":[{"id":513,"href":"https:\/\/siniestrox.com\/index.php\/wp-json\/wp\/v2\/pages\/476\/revisions\/513"}],"wp:attachment":[{"href":"https:\/\/siniestrox.com\/index.php\/wp-json\/wp\/v2\/media?parent=476"}],"curies":[{"name":"wp","href":"https:\/\/api.w.org\/{rel}","templated":true}]}}